{"id":9148,"date":"2023-10-19T18:16:04","date_gmt":"2023-10-19T16:16:04","guid":{"rendered":"https:\/\/prisonisland.com\/contactez-nous\/"},"modified":"2024-04-18T13:40:30","modified_gmt":"2024-04-18T11:40:30","slug":"contactez-nous","status":"publish","type":"page","link":"https:\/\/prisonisland.com\/fr\/contactez-nous\/","title":{"rendered":"Contactez nous"},"content":{"rendered":"\t\t<div data-elementor-type=\"wp-page\" data-elementor-id=\"9148\" class=\"elementor elementor-9148 elementor-6995\" data-elementor-post-type=\"page\">\n\t\t\t\t<div class=\"elementor-element elementor-element-c30920f e-con-full e-flex e-con e-parent\" data-id=\"c30920f\" data-element_type=\"container\" data-e-type=\"container\" data-settings=\"{&quot;background_background&quot;:&quot;classic&quot;,&quot;position&quot;:&quot;fixed&quot;}\">\n\t\t\t\t<div class=\"elementor-element elementor-element-3644435 elementor-widget elementor-widget-image\" data-id=\"3644435\" data-element_type=\"widget\" data-e-type=\"widget\" data-widget_type=\"image.default\">\n\t\t\t\t<div class=\"elementor-widget-container\">\n\t\t\t\t\t\t\t\t\t\t\t\t\t\t\t<img data-opt-id=502755956  fetchpriority=\"high\" decoding=\"async\" width=\"2000\" height=\"1333\" src=\"https:\/\/mlqqvsi21e7s.i.optimole.com\/cb:JWcc.303b5\/w:1620\/h:1080\/q:mauto\/g:sm\/f:best\/https:\/\/prisonisland.com\/wp-content\/uploads\/2019\/12\/the-prison.jpg\" class=\"attachment-full size-full wp-image-8362\" alt=\"\" srcset=\"https:\/\/mlqqvsi21e7s.i.optimole.com\/cb:JWcc.303b5\/w:1620\/h:1080\/q:mauto\/g:sm\/f:best\/https:\/\/prisonisland.com\/wp-content\/uploads\/2019\/12\/the-prison.jpg 2000w, https:\/\/mlqqvsi21e7s.i.optimole.com\/cb:JWcc.303b5\/w:300\/h:200\/q:mauto\/g:sm\/f:best\/https:\/\/prisonisland.com\/wp-content\/uploads\/2019\/12\/the-prison.jpg 300w, https:\/\/mlqqvsi21e7s.i.optimole.com\/cb:JWcc.303b5\/w:1024\/h:682\/q:mauto\/g:sm\/f:best\/https:\/\/prisonisland.com\/wp-content\/uploads\/2019\/12\/the-prison.jpg 1024w, https:\/\/mlqqvsi21e7s.i.optimole.com\/cb:JWcc.303b5\/w:768\/h:512\/q:mauto\/g:sm\/f:best\/https:\/\/prisonisland.com\/wp-content\/uploads\/2019\/12\/the-prison.jpg 768w, https:\/\/mlqqvsi21e7s.i.optimole.com\/cb:JWcc.303b5\/w:1536\/h:1024\/q:mauto\/g:sm\/f:best\/https:\/\/prisonisland.com\/wp-content\/uploads\/2019\/12\/the-prison.jpg 1536w\" sizes=\"(max-width: 2000px) 100vw, 2000px\" \/>\t\t\t\t\t\t\t\t\t\t\t\t\t\t\t<\/div>\n\t\t\t\t<\/div>\n\t\t\t\t<\/div>\n\t\t<div class=\"elementor-element elementor-element-fd1266f e-con-full e-flex e-con e-parent\" data-id=\"fd1266f\" data-element_type=\"container\" data-e-type=\"container\">\n\t\t<div class=\"elementor-element elementor-element-bfbd118 e-con-full e-flex e-con e-child\" data-id=\"bfbd118\" data-element_type=\"container\" data-e-type=\"container\">\n\t\t\t\t<div class=\"elementor-element elementor-element-6d88cd9 elementor-widget elementor-widget-heading\" data-id=\"6d88cd9\" data-element_type=\"widget\" data-e-type=\"widget\" data-widget_type=\"heading.default\">\n\t\t\t\t<div class=\"elementor-widget-container\">\n\t\t\t\t\t<h1 class=\"elementor-heading-title elementor-size-default\">Vous voulez jouer, ou vous \u00eates s\u00e9rieux ?<\/h1>\t\t\t\t<\/div>\n\t\t\t\t<\/div>\n\t\t<div class=\"elementor-element elementor-element-80ff5fd e-flex e-con-boxed e-con e-child\" data-id=\"80ff5fd\" data-element_type=\"container\" data-e-type=\"container\">\n\t\t\t\t\t<div class=\"e-con-inner\">\n\t\t\t\t<div class=\"elementor-element elementor-element-c313dd3 elementor-mobile-align-justify elementor-widget elementor-widget-button\" data-id=\"c313dd3\" data-element_type=\"widget\" data-e-type=\"widget\" data-widget_type=\"button.default\">\n\t\t\t\t<div class=\"elementor-widget-container\">\n\t\t\t\t\t\t\t\t\t<div class=\"elementor-button-wrapper\">\n\t\t\t\t\t<a class=\"elementor-button elementor-button-link elementor-size-md elementor-animation-shrink\" href=\"\/fr\/locations\/\">\n\t\t\t\t\t\t<span class=\"elementor-button-content-wrapper\">\n\t\t\t\t\t\t\t\t\t<span class=\"elementor-button-text\">Jouer : Take me to Prison<\/span>\n\t\t\t\t\t<\/span>\n\t\t\t\t\t<\/a>\n\t\t\t\t<\/div>\n\t\t\t\t\t\t\t\t<\/div>\n\t\t\t\t<\/div>\n\t\t\t\t<div class=\"elementor-element elementor-element-c979511 elementor-mobile-align-justify elementor-widget elementor-widget-button\" data-id=\"c979511\" data-element_type=\"widget\" data-e-type=\"widget\" data-widget_type=\"button.default\">\n\t\t\t\t<div class=\"elementor-widget-container\">\n\t\t\t\t\t\t\t\t\t<div class=\"elementor-button-wrapper\">\n\t\t\t\t\t<a class=\"elementor-button elementor-button-link elementor-size-md elementor-animation-shrink\" href=\"#business\">\n\t\t\t\t\t\t<span class=\"elementor-button-content-wrapper\">\n\t\t\t\t\t\t\t\t\t<span class=\"elementor-button-text\">Entreprise : Emmenez-moi voir le patron !<\/span>\n\t\t\t\t\t<\/span>\n\t\t\t\t\t<\/a>\n\t\t\t\t<\/div>\n\t\t\t\t\t\t\t\t<\/div>\n\t\t\t\t<\/div>\n\t\t\t\t\t<\/div>\n\t\t\t\t<\/div>\n\t\t\t\t<\/div>\n\t\t\t\t<\/div>\n\t\t<div class=\"elementor-element elementor-element-130e853 e-con-full e-flex e-con e-parent\" data-id=\"130e853\" data-element_type=\"container\" data-e-type=\"container\" id=\"business\">\n\t\t<div class=\"elementor-element elementor-element-62782cc e-con-full e-flex e-con e-child\" data-id=\"62782cc\" data-element_type=\"container\" data-e-type=\"container\">\n\t\t\t\t<div class=\"elementor-element elementor-element-edcdf49 elementor-widget elementor-widget-heading\" data-id=\"edcdf49\" data-element_type=\"widget\" data-e-type=\"widget\" data-widget_type=\"heading.default\">\n\t\t\t\t<div class=\"elementor-widget-container\">\n\t\t\t\t\t<h2 class=\"elementor-heading-title elementor-size-default\">Vous souhaitez devenir franchis\u00e9 ?<\/h2>\t\t\t\t<\/div>\n\t\t\t\t<\/div>\n\t\t<div class=\"elementor-element elementor-element-1c11c2b e-flex e-con-boxed e-con e-child\" data-id=\"1c11c2b\" data-element_type=\"container\" data-e-type=\"container\">\n\t\t\t\t\t<div class=\"e-con-inner\">\n\t\t\t\t<div class=\"elementor-element elementor-element-04f5631 elementor-widget elementor-widget-heading\" data-id=\"04f5631\" data-element_type=\"widget\" data-e-type=\"widget\" data-widget_type=\"heading.default\">\n\t\t\t\t<div class=\"elementor-widget-container\">\n\t\t\t\t\t<span class=\"elementor-heading-title elementor-size-default\">Andreas Bl\u00fcme<\/span>\t\t\t\t<\/div>\n\t\t\t\t<\/div>\n\t\t\t\t<div class=\"elementor-element elementor-element-b0bed71 elementor-widget__width-auto elementor-widget-mobile__width-inherit elementor-widget elementor-widget-heading\" data-id=\"b0bed71\" data-element_type=\"widget\" data-e-type=\"widget\" data-widget_type=\"heading.default\">\n\t\t\t\t<div class=\"elementor-widget-container\">\n\t\t\t\t\t<span class=\"elementor-heading-title elementor-size-default\"><a href=\"mailto:andreas.blume@prisonisland.com\">andreas.blume@prisonisland.com<\/a><\/span>\t\t\t\t<\/div>\n\t\t\t\t<\/div>\n\t\t\t\t\t<\/div>\n\t\t\t\t<\/div>\n\t\t\t\t<div class=\"elementor-element elementor-element-6d62aae elementor-widget elementor-widget-heading\" data-id=\"6d62aae\" data-element_type=\"widget\" data-e-type=\"widget\" data-widget_type=\"heading.default\">\n\t\t\t\t<div class=\"elementor-widget-container\">\n\t\t\t\t\t<h2 class=\"elementor-heading-title elementor-size-default\">Voulez-vous investir ?<\/h2>\t\t\t\t<\/div>\n\t\t\t\t<\/div>\n\t\t<div class=\"elementor-element elementor-element-b962a71 e-flex e-con-boxed e-con e-child\" data-id=\"b962a71\" data-element_type=\"container\" data-e-type=\"container\">\n\t\t\t\t\t<div class=\"e-con-inner\">\n\t\t\t\t<div class=\"elementor-element elementor-element-dcf90dc elementor-widget elementor-widget-heading\" data-id=\"dcf90dc\" data-element_type=\"widget\" data-e-type=\"widget\" data-widget_type=\"heading.default\">\n\t\t\t\t<div class=\"elementor-widget-container\">\n\t\t\t\t\t<span class=\"elementor-heading-title elementor-size-default\">Anders Jackson<\/span>\t\t\t\t<\/div>\n\t\t\t\t<\/div>\n\t\t\t\t<div class=\"elementor-element elementor-element-3d0d66b elementor-widget__width-auto elementor-widget-mobile__width-inherit elementor-widget elementor-widget-heading\" data-id=\"3d0d66b\" data-element_type=\"widget\" data-e-type=\"widget\" data-widget_type=\"heading.default\">\n\t\t\t\t<div class=\"elementor-widget-container\">\n\t\t\t\t\t<span class=\"elementor-heading-title elementor-size-default\"><a href=\"mailto:anders.jackson@prisonisland.com\">anders.jackson@prisonisland.com<\/a><\/span>\t\t\t\t<\/div>\n\t\t\t\t<\/div>\n\t\t\t\t\t<\/div>\n\t\t\t\t<\/div>\n\t\t\t\t<div class=\"elementor-element elementor-element-e3a5b95 elementor-widget elementor-widget-heading\" data-id=\"e3a5b95\" data-element_type=\"widget\" data-e-type=\"widget\" data-widget_type=\"heading.default\">\n\t\t\t\t<div class=\"elementor-widget-container\">\n\t\t\t\t\t<h2 class=\"elementor-heading-title elementor-size-default\">Vous \u00eates \u00e0 la recherche d'un emploi ?<\/h2>\t\t\t\t<\/div>\n\t\t\t\t<\/div>\n\t\t<div class=\"elementor-element elementor-element-5901c3d e-flex e-con-boxed e-con e-child\" data-id=\"5901c3d\" data-element_type=\"container\" data-e-type=\"container\">\n\t\t\t\t\t<div class=\"e-con-inner\">\n\t\t\t\t<div class=\"elementor-element elementor-element-1586b40 elementor-widget elementor-widget-heading\" data-id=\"1586b40\" data-element_type=\"widget\" data-e-type=\"widget\" data-widget_type=\"heading.default\">\n\t\t\t\t<div class=\"elementor-widget-container\">\n\t\t\t\t\t<span class=\"elementor-heading-title elementor-size-default\">Contactez votre bureau local de Prison Island<\/span>\t\t\t\t<\/div>\n\t\t\t\t<\/div>\n\t\t\t\t<div class=\"elementor-element elementor-element-a06d77d elementor-widget__width-auto elementor-widget-mobile__width-inherit elementor-widget elementor-widget-heading\" data-id=\"a06d77d\" data-element_type=\"widget\" data-e-type=\"widget\" data-widget_type=\"heading.default\">\n\t\t\t\t<div class=\"elementor-widget-container\">\n\t\t\t\t\t<span class=\"elementor-heading-title elementor-size-default\"><a href=\"\/fr\/locations\/\">Afficher tous les sites<\/a><\/span>\t\t\t\t<\/div>\n\t\t\t\t<\/div>\n\t\t\t\t\t<\/div>\n\t\t\t\t<\/div>\n\t\t\t\t<\/div>\n\t\t\t\t<\/div>\n\t\t\t\t<\/div>\n\t\t","protected":false},"excerpt":{"rendered":"<p>Vous voulez jouer, ou vous \u00eates s\u00e9rieux ? Jouer : Take me to Prison Entreprise : Emmenez-moi voir le patron ! Vous souhaitez devenir franchis\u00e9 ? Andreas Bl\u00fcme andreas.blume@prisonisland.com Voulez-vous investir ? Anders Jackson anders.jackson@prisonisland.com Vous \u00eates \u00e0 la recherche d&rsquo;un emploi ? Contactez votre bureau local de Prison Island Afficher tous les sites<\/p>\n","protected":false},"author":3,"featured_media":0,"parent":0,"menu_order":-799,"comment_status":"closed","ping_status":"closed","template":"","meta":{"_acf_changed":false,"footnotes":""},"class_list":["post-9148","page","type-page","status-publish","hentry"],"acf":[],"_links":{"self":[{"href":"https:\/\/prisonisland.com\/fr\/wp-json\/wp\/v2\/pages\/9148","targetHints":{"allow":["GET"]}}],"collection":[{"href":"https:\/\/prisonisland.com\/fr\/wp-json\/wp\/v2\/pages"}],"about":[{"href":"https:\/\/prisonisland.com\/fr\/wp-json\/wp\/v2\/types\/page"}],"author":[{"embeddable":true,"href":"https:\/\/prisonisland.com\/fr\/wp-json\/wp\/v2\/users\/3"}],"replies":[{"embeddable":true,"href":"https:\/\/prisonisland.com\/fr\/wp-json\/wp\/v2\/comments?post=9148"}],"version-history":[{"count":6,"href":"https:\/\/prisonisland.com\/fr\/wp-json\/wp\/v2\/pages\/9148\/revisions"}],"predecessor-version":[{"id":9804,"href":"https:\/\/prisonisland.com\/fr\/wp-json\/wp\/v2\/pages\/9148\/revisions\/9804"}],"wp:attachment":[{"href":"https:\/\/prisonisland.com\/fr\/wp-json\/wp\/v2\/media?parent=9148"}],"curies":[{"name":"wp","href":"https:\/\/api.w.org\/{rel}","templated":true}]}}